{"id":864,"date":"2025-02-05T10:24:11","date_gmt":"2025-02-05T10:24:11","guid":{"rendered":"https:\/\/comerch.dk\/product\/100833\/"},"modified":"2025-02-10T14:32:26","modified_gmt":"2025-02-10T14:32:26","slug":"100833","status":"publish","type":"product","link":"https:\/\/comerch.dk\/da\/product\/100833\/","title":{"rendered":"Stanley 890 ml IceFlow\u2122 flip straw krus"},"content":{"rendered":"<p>Dette Stanley IceFlow\u2122 l\u00e6kagesikre flip straw krus p\u00e5 890 ml har dobbeltv\u00e6gget vakuumisolering til at holde drikkevarer kolde i 12 timer (48 timer i is). Den har indbygget flip straw, der g\u00f8r det nemt og ubesv\u00e6ret at drikke, og et praktisk foldeh\u00e5ndtag. Den passer ogs\u00e5 nemt i de fleste kopholdere til bil eller cykel. Alle dele af dette krus er i rustfrit st\u00e5l t\u00e5ler opvaskemaskine.<\/p>","protected":false},"excerpt":{"rendered":"<p>Dette Stanley IceFlow\u2122 l\u00e6kagesikre flip straw krus p\u00e5 890 ml har dobbeltv\u00e6gget vakuumisolering til at holde drikkevarer kolde i 12 timer (48 timer i is). Den har indbygget flip straw, der g\u00f8r det nemt og ubesv\u00e6ret at drikke, og et praktisk foldeh\u00e5ndtag. Den passer ogs\u00e5 nemt i de fleste kopholdere til bil eller cykel. Alle [&hellip;]<\/p>\n","protected":false},"featured_media":1137,"comment_status":"open","ping_status":"closed","template":"","meta":[],"product_brand":[118],"product_cat":[123],"product_tag":[18,64,20],"class_list":{"0":"post-864","1":"product","2":"type-product","3":"status-publish","4":"has-post-thumbnail","6":"product_brand-stanley","7":"product_cat-flasker","8":"product_tag-comerch","9":"product_tag-isoleret-krus","10":"product_tag-merchandise","12":"first","13":"instock","14":"shipping-taxable","15":"purchasable","16":"product-type-variable"},"_links":{"self":[{"href":"https:\/\/comerch.dk\/da\/wp-json\/wp\/v2\/product\/864","targetHints":{"allow":["GET"]}}],"collection":[{"href":"https:\/\/comerch.dk\/da\/wp-json\/wp\/v2\/product"}],"about":[{"href":"https:\/\/comerch.dk\/da\/wp-json\/wp\/v2\/types\/product"}],"replies":[{"embeddable":true,"href":"https:\/\/comerch.dk\/da\/wp-json\/wp\/v2\/comments?post=864"}],"wp:featuredmedia":[{"embeddable":true,"href":"https:\/\/comerch.dk\/da\/wp-json\/wp\/v2\/media\/1137"}],"wp:attachment":[{"href":"https:\/\/comerch.dk\/da\/wp-json\/wp\/v2\/media?parent=864"}],"wp:term":[{"taxonomy":"product_brand","embeddable":true,"href":"https:\/\/comerch.dk\/da\/wp-json\/wp\/v2\/product_brand?post=864"},{"taxonomy":"product_cat","embeddable":true,"href":"https:\/\/comerch.dk\/da\/wp-json\/wp\/v2\/product_cat?post=864"},{"taxonomy":"product_tag","embeddable":true,"href":"https:\/\/comerch.dk\/da\/wp-json\/wp\/v2\/product_tag?post=864"}],"curies":[{"name":"wp","href":"https:\/\/api.w.org\/{rel}","templated":true}]}}