{"id":633,"date":"2025-02-05T10:23:10","date_gmt":"2025-02-05T10:23:10","guid":{"rendered":"https:\/\/comerch.dk\/product\/100749\/"},"modified":"2025-02-17T12:09:24","modified_gmt":"2025-02-17T12:09:24","slug":"100749","status":"publish","type":"product","link":"https:\/\/comerch.dk\/da\/product\/100749\/","title":{"rendered":"CamelBak\u00ae Horizon Rocks 300 ml vakuumisoleret termokop"},"content":{"rendered":"<p>Udformet med dobbeltv\u00e6gget vakuumisoleret rustfrit st\u00e5l, s\u00e5 holder Horizon Rocks 300 ml b\u00e6geret dine drikkevarer varme i 3 timer eller kolde i 5 timer. L\u00e5ge med tre funktioner med spildsikker funktion sikrer flowkontrol. Med en holdbar pulverlakering og et trendy design er den bygget til at forhindre kondens p\u00e5 b\u00e6gerets yderside. Den brede \u00e5bning muligg\u00f8r nem reng\u00f8ring og p\u00e5fyldning. Livstidsgaranti for fabrikationsfejl. Skridsikker silikonebase. Fri for BPA, BPS og BPF.<\/p>","protected":false},"excerpt":{"rendered":"<p>Udformet med dobbeltv\u00e6gget vakuumisoleret rustfrit st\u00e5l, s\u00e5 holder Horizon Rocks 300 ml b\u00e6geret dine drikkevarer varme i 3 timer eller kolde i 5 timer. L\u00e5ge med tre funktioner med spildsikker funktion sikrer flowkontrol. Med en holdbar pulverlakering og et trendy design er den bygget til at forhindre kondens p\u00e5 b\u00e6gerets yderside. Den brede \u00e5bning muligg\u00f8r [&hellip;]<\/p>\n","protected":false},"featured_media":1178,"comment_status":"open","ping_status":"closed","template":"","meta":[],"product_brand":[],"product_cat":[126],"product_tag":[18,20,46],"class_list":{"0":"post-633","1":"product","2":"type-product","3":"status-publish","4":"has-post-thumbnail","6":"product_cat-tumblere","7":"product_tag-comerch","8":"product_tag-merchandise","9":"product_tag-termokrus","11":"first","12":"instock","13":"shipping-taxable","14":"purchasable","15":"product-type-variable"},"_links":{"self":[{"href":"https:\/\/comerch.dk\/da\/wp-json\/wp\/v2\/product\/633","targetHints":{"allow":["GET"]}}],"collection":[{"href":"https:\/\/comerch.dk\/da\/wp-json\/wp\/v2\/product"}],"about":[{"href":"https:\/\/comerch.dk\/da\/wp-json\/wp\/v2\/types\/product"}],"replies":[{"embeddable":true,"href":"https:\/\/comerch.dk\/da\/wp-json\/wp\/v2\/comments?post=633"}],"wp:featuredmedia":[{"embeddable":true,"href":"https:\/\/comerch.dk\/da\/wp-json\/wp\/v2\/media\/1178"}],"wp:attachment":[{"href":"https:\/\/comerch.dk\/da\/wp-json\/wp\/v2\/media?parent=633"}],"wp:term":[{"taxonomy":"product_brand","embeddable":true,"href":"https:\/\/comerch.dk\/da\/wp-json\/wp\/v2\/product_brand?post=633"},{"taxonomy":"product_cat","embeddable":true,"href":"https:\/\/comerch.dk\/da\/wp-json\/wp\/v2\/product_cat?post=633"},{"taxonomy":"product_tag","embeddable":true,"href":"https:\/\/comerch.dk\/da\/wp-json\/wp\/v2\/product_tag?post=633"}],"curies":[{"name":"wp","href":"https:\/\/api.w.org\/{rel}","templated":true}]}}