{"id":528,"date":"2025-02-04T10:55:36","date_gmt":"2025-02-04T10:55:36","guid":{"rendered":"https:\/\/comerch.dk\/product\/100751\/"},"modified":"2025-02-10T14:23:06","modified_gmt":"2025-02-10T14:23:06","slug":"100751","status":"publish","type":"product","link":"https:\/\/comerch.dk\/da\/product\/100751\/","title":{"rendered":"Ocean Bottle 500 ml vakuumisoleret vandflaske"},"content":{"rendered":"<p>500 ml Ocean Bottle har vakuumisolering for at holde drikkevarer varme i op til otte timer og kolde i op til atten timer. Hver Ocean Bottle er helt CO2 neutral og indsamler 1.000 plastflasker for at forbedre levevilk\u00e5rene i kystsamfund. Flasken indeholder genvundet rustfrit st\u00e5l og genvundet havplast og er NFC Smart Chip aktiveret til at indsamle mere plast med hver genopfyldning. Den dobbelte \u00e5bning g\u00f8r det nemt at reng\u00f8re og fylde flasken, og anti l\u00e6kage l\u00e5get har en nem b\u00e6re loop. Flasken t\u00e5ler opvaskemaskine og indeholder ikke BPA. Leveres i en ansvarligt indk\u00f8bt genbrugspap \u00e6ske.<\/p>","protected":false},"excerpt":{"rendered":"<p>500 ml Ocean Bottle har vakuumisolering for at holde drikkevarer varme i op til otte timer og kolde i op til atten timer. Hver Ocean Bottle er helt CO2 neutral og indsamler 1.000 plastflasker for at forbedre levevilk\u00e5rene i kystsamfund. Flasken indeholder genvundet rustfrit st\u00e5l og genvundet havplast og er NFC Smart Chip aktiveret til [&hellip;]<\/p>\n","protected":false},"featured_media":585,"comment_status":"open","ping_status":"closed","template":"","meta":[],"product_brand":[],"product_cat":[122,123],"product_tag":[18,19,22,23,20,24],"class_list":{"0":"post-528","1":"product","2":"type-product","3":"status-publish","4":"has-post-thumbnail","6":"product_cat-drikkeartikler","7":"product_cat-flasker","8":"product_tag-comerch","9":"product_tag-comerchtest","10":"product_tag-gogreen","11":"product_tag-gogreenmerch","12":"product_tag-merchandise","13":"product_tag-termoflaske","15":"first","16":"instock","17":"shipping-taxable","18":"purchasable","19":"product-type-variable"},"_links":{"self":[{"href":"https:\/\/comerch.dk\/da\/wp-json\/wp\/v2\/product\/528","targetHints":{"allow":["GET"]}}],"collection":[{"href":"https:\/\/comerch.dk\/da\/wp-json\/wp\/v2\/product"}],"about":[{"href":"https:\/\/comerch.dk\/da\/wp-json\/wp\/v2\/types\/product"}],"replies":[{"embeddable":true,"href":"https:\/\/comerch.dk\/da\/wp-json\/wp\/v2\/comments?post=528"}],"wp:featuredmedia":[{"embeddable":true,"href":"https:\/\/comerch.dk\/da\/wp-json\/wp\/v2\/media\/585"}],"wp:attachment":[{"href":"https:\/\/comerch.dk\/da\/wp-json\/wp\/v2\/media?parent=528"}],"wp:term":[{"taxonomy":"product_brand","embeddable":true,"href":"https:\/\/comerch.dk\/da\/wp-json\/wp\/v2\/product_brand?post=528"},{"taxonomy":"product_cat","embeddable":true,"href":"https:\/\/comerch.dk\/da\/wp-json\/wp\/v2\/product_cat?post=528"},{"taxonomy":"product_tag","embeddable":true,"href":"https:\/\/comerch.dk\/da\/wp-json\/wp\/v2\/product_tag?post=528"}],"curies":[{"name":"wp","href":"https:\/\/api.w.org\/{rel}","templated":true}]}}