{"id":469,"date":"2025-02-04T10:55:23","date_gmt":"2025-02-04T10:55:23","guid":{"rendered":"https:\/\/comerch.dk\/product\/p438-01\/"},"modified":"2025-02-10T14:23:06","modified_gmt":"2025-02-10T14:23:06","slug":"p438-01","status":"publish","type":"product","link":"https:\/\/comerch.dk\/da\/product\/p438-01\/","title":{"rendered":"Avira Avior 1L RCS Re-st\u00e5lflaske"},"content":{"rendered":"<p>Avior RCS Genanvendt vakuumflaske i rustfrit st\u00e5l er designet til langvarig nydelse af dine drikkevarer! Dobbeltv\u00e6gs konstruktionen i genanvendt rustfrit st\u00e5l, holder drikkevarer k\u00f8let i op til 20 timer eller varme i op til 10 timer. Denne flaske passer til de fleste standard kopholdere til biler, s\u00e5 du kan tage den med dig overalt. Fremstillet af RCS (Recycled Claim Standard) certificerede genbrugsmaterialer. RCS-certificering sikrer en fuldst\u00e6ndig certificeret forsyningsk\u00e6de af de genanvendte materialer. Samlet genanvendt indhold: 86% baseret p\u00e5 samlet artikelv\u00e6gt. BPA fri. Kapacitet 1000ml. Herunder FSC-certificeret\u00ae kraftemballage. Genbrug kassen til en telefonholder, blyantholder eller blomsterpotte!<\/p>","protected":false},"excerpt":{"rendered":"<p>Avior RCS Genanvendt vakuumflaske i rustfrit st\u00e5l er designet til langvarig nydelse af dine drikkevarer! Dobbeltv\u00e6gs konstruktionen i genanvendt rustfrit st\u00e5l, holder drikkevarer k\u00f8let i op til 20 timer eller varme i op til 10 timer. Denne flaske passer til de fleste standard kopholdere til biler, s\u00e5 du kan tage den med dig overalt. Fremstillet [&hellip;]<\/p>\n","protected":false},"featured_media":479,"comment_status":"open","ping_status":"closed","template":"","meta":[],"product_brand":[],"product_cat":[122,123],"product_tag":[18,19,20,21],"class_list":{"0":"post-469","1":"product","2":"type-product","3":"status-publish","4":"has-post-thumbnail","6":"product_cat-drikkeartikler","7":"product_cat-flasker","8":"product_tag-comerch","9":"product_tag-comerchtest","10":"product_tag-merchandise","11":"product_tag-vandflasker","13":"first","14":"instock","15":"shipping-taxable","16":"purchasable","17":"product-type-variable"},"_links":{"self":[{"href":"https:\/\/comerch.dk\/da\/wp-json\/wp\/v2\/product\/469","targetHints":{"allow":["GET"]}}],"collection":[{"href":"https:\/\/comerch.dk\/da\/wp-json\/wp\/v2\/product"}],"about":[{"href":"https:\/\/comerch.dk\/da\/wp-json\/wp\/v2\/types\/product"}],"replies":[{"embeddable":true,"href":"https:\/\/comerch.dk\/da\/wp-json\/wp\/v2\/comments?post=469"}],"wp:featuredmedia":[{"embeddable":true,"href":"https:\/\/comerch.dk\/da\/wp-json\/wp\/v2\/media\/479"}],"wp:attachment":[{"href":"https:\/\/comerch.dk\/da\/wp-json\/wp\/v2\/media?parent=469"}],"wp:term":[{"taxonomy":"product_brand","embeddable":true,"href":"https:\/\/comerch.dk\/da\/wp-json\/wp\/v2\/product_brand?post=469"},{"taxonomy":"product_cat","embeddable":true,"href":"https:\/\/comerch.dk\/da\/wp-json\/wp\/v2\/product_cat?post=469"},{"taxonomy":"product_tag","embeddable":true,"href":"https:\/\/comerch.dk\/da\/wp-json\/wp\/v2\/product_tag?post=469"}],"curies":[{"name":"wp","href":"https:\/\/api.w.org\/{rel}","templated":true}]}}