{"id":2401,"date":"2025-02-24T14:20:05","date_gmt":"2025-02-24T14:20:05","guid":{"rendered":"https:\/\/comerch.dk\/product\/v10200\/"},"modified":"2025-02-24T14:58:55","modified_gmt":"2025-02-24T14:58:55","slug":"v10200","status":"publish","type":"product","link":"https:\/\/comerch.dk\/da\/product\/v10200\/","title":{"rendered":"VINGA Cott RCS RPET vandflaske"},"content":{"rendered":"<p>Elegant og minimalistisk vandflaske fremstillet af 100% genanvendt RPET. Hold vandbalancen i orden undervejs med denne smarte vandflaske, uanset anledning. Stor \u00e5bning, der g\u00f8r flasken lettere at reng\u00f8re. Ikke egnet til drikkevarer over 50 \u00b0C.<\/p>","protected":false},"excerpt":{"rendered":"<p>Elegant og minimalistisk vandflaske fremstillet af 100% genanvendt RPET. Hold vandbalancen i orden undervejs med denne smarte vandflaske, uanset anledning. Stor \u00e5bning, der g\u00f8r flasken lettere at reng\u00f8re. Ikke egnet til drikkevarer over 50 \u00b0C.<\/p>","protected":false},"featured_media":2785,"comment_status":"open","ping_status":"closed","template":"","meta":[],"product_brand":[262],"product_cat":[194],"product_tag":[18,20,21],"class_list":{"0":"post-2401","1":"product","2":"type-product","3":"status-publish","4":"has-post-thumbnail","6":"product_brand-vinga","7":"product_cat-vandflasker","8":"product_tag-comerch","9":"product_tag-merchandise","10":"product_tag-vandflasker","12":"first","13":"instock","14":"shipping-taxable","15":"purchasable","16":"product-type-variable"},"_links":{"self":[{"href":"https:\/\/comerch.dk\/da\/wp-json\/wp\/v2\/product\/2401","targetHints":{"allow":["GET"]}}],"collection":[{"href":"https:\/\/comerch.dk\/da\/wp-json\/wp\/v2\/product"}],"about":[{"href":"https:\/\/comerch.dk\/da\/wp-json\/wp\/v2\/types\/product"}],"replies":[{"embeddable":true,"href":"https:\/\/comerch.dk\/da\/wp-json\/wp\/v2\/comments?post=2401"}],"wp:featuredmedia":[{"embeddable":true,"href":"https:\/\/comerch.dk\/da\/wp-json\/wp\/v2\/media\/2785"}],"wp:attachment":[{"href":"https:\/\/comerch.dk\/da\/wp-json\/wp\/v2\/media?parent=2401"}],"wp:term":[{"taxonomy":"product_brand","embeddable":true,"href":"https:\/\/comerch.dk\/da\/wp-json\/wp\/v2\/product_brand?post=2401"},{"taxonomy":"product_cat","embeddable":true,"href":"https:\/\/comerch.dk\/da\/wp-json\/wp\/v2\/product_cat?post=2401"},{"taxonomy":"product_tag","embeddable":true,"href":"https:\/\/comerch.dk\/da\/wp-json\/wp\/v2\/product_tag?post=2401"}],"curies":[{"name":"wp","href":"https:\/\/api.w.org\/{rel}","templated":true}]}}