{"id":2330,"date":"2025-02-24T14:19:44","date_gmt":"2025-02-24T14:19:44","guid":{"rendered":"https:\/\/comerch.dk\/product\/p762-79\/"},"modified":"2025-02-24T14:19:45","modified_gmt":"2025-02-24T14:19:45","slug":"p762-79","status":"publish","type":"product","link":"https:\/\/comerch.dk\/da\/product\/p762-79\/","title":{"rendered":"Swiss Peak AWARE\u2122 RPET 15.6&#8242; udvidelig weekendrygs\u00e6k"},"content":{"rendered":"<p>Swiss Peak AWARE\u2122 RPET 15.6&#8242; udvidelig weekendrygs\u00e6k passer til din 15,6&#8242; b\u00e6rbare computer i et rum designet til hurtig og nem lufthavnsscreening. Det udvidelige hovedrum \u00f8ger kapaciteten med mere end 35 % , velegnet til l\u00e6ngere ture. Sidekompressionsstropper sikrer og stabiliserer indholdet for at lette transporten. De smarte lommer indeholder opladerkabler og andre v\u00e6sentlige ting. Med bagage strop. Med AWARE\u2122 tracer, der validerer den \u00e6gte brug af genbrugsmaterialer. 2% af provenuet fra hvert impact-produkt, der s\u00e6lges, doneres til Water.org. PVC-fri.<\/p>","protected":false},"excerpt":{"rendered":"<p>Swiss Peak AWARE\u2122 RPET 15.6&#8242; udvidelig weekendrygs\u00e6k passer til din 15,6&#8242; b\u00e6rbare computer i et rum designet til hurtig og nem lufthavnsscreening. Det udvidelige hovedrum \u00f8ger kapaciteten med mere end 35 % , velegnet til l\u00e6ngere ture. Sidekompressionsstropper sikrer og stabiliserer indholdet for at lette transporten. De smarte lommer indeholder opladerkabler og andre v\u00e6sentlige ting. [&hellip;]<\/p>\n","protected":false},"featured_media":2745,"comment_status":"open","ping_status":"closed","template":"","meta":[],"product_brand":[182],"product_cat":[185],"product_tag":[18,184],"class_list":{"0":"post-2330","1":"product","2":"type-product","3":"status-publish","4":"has-post-thumbnail","6":"product_brand-swiss-peak","7":"product_cat-laptop-rygsaek","8":"product_tag-comerch","9":"product_tag-laptop-rygsaek","11":"first","12":"instock","13":"shipping-taxable","14":"purchasable","15":"product-type-variable"},"_links":{"self":[{"href":"https:\/\/comerch.dk\/da\/wp-json\/wp\/v2\/product\/2330","targetHints":{"allow":["GET"]}}],"collection":[{"href":"https:\/\/comerch.dk\/da\/wp-json\/wp\/v2\/product"}],"about":[{"href":"https:\/\/comerch.dk\/da\/wp-json\/wp\/v2\/types\/product"}],"replies":[{"embeddable":true,"href":"https:\/\/comerch.dk\/da\/wp-json\/wp\/v2\/comments?post=2330"}],"wp:featuredmedia":[{"embeddable":true,"href":"https:\/\/comerch.dk\/da\/wp-json\/wp\/v2\/media\/2745"}],"wp:attachment":[{"href":"https:\/\/comerch.dk\/da\/wp-json\/wp\/v2\/media?parent=2330"}],"wp:term":[{"taxonomy":"product_brand","embeddable":true,"href":"https:\/\/comerch.dk\/da\/wp-json\/wp\/v2\/product_brand?post=2330"},{"taxonomy":"product_cat","embeddable":true,"href":"https:\/\/comerch.dk\/da\/wp-json\/wp\/v2\/product_cat?post=2330"},{"taxonomy":"product_tag","embeddable":true,"href":"https:\/\/comerch.dk\/da\/wp-json\/wp\/v2\/product_tag?post=2330"}],"curies":[{"name":"wp","href":"https:\/\/api.w.org\/{rel}","templated":true}]}}