{"id":2328,"date":"2025-02-24T14:19:42","date_gmt":"2025-02-24T14:19:42","guid":{"rendered":"https:\/\/comerch.dk\/product\/p762-89\/"},"modified":"2025-02-24T14:19:43","modified_gmt":"2025-02-24T14:19:43","slug":"p762-89","status":"publish","type":"product","link":"https:\/\/comerch.dk\/da\/product\/p762-89\/","title":{"rendered":"Swiss Peak AWARE\u2122 RPET 15.6 tommer business rygs\u00e6k"},"content":{"rendered":"<p>Swiss Peak AWARE\u2122 RPET 15,6 tommer business rygs\u00e6k, er en vejrbestandig rygs\u00e6k til arbejde og hverdagseventyr. Rygs\u00e6kken har et rummeligt hovedrum og hurtig adgang til din b\u00e6rbare computer, via lynl\u00e5sen. Behagelig at have p\u00e5 takket v\u00e6re de kurvede, \u00e5ndbare skulderstropper, polstret bagpanel og fuldt justerbar bryststrop. En top lynl\u00e5s lommer med plads til dine daglige ting . Ydersiden er lavet med PU og 1200D genanvendt polyester. Foret er lavet med 100% 150D genanvendt polyester. Med AWARE\u2122 tracer, der validerer den \u00e6gte brug af genanvendte materialer. 2% af provenuet af hvert produkt, der s\u00e6lges indeholdende AWARE\u2122 vil blive doneret til Water.org.<\/p>","protected":false},"excerpt":{"rendered":"<p>Swiss Peak AWARE\u2122 RPET 15,6 tommer business rygs\u00e6k, er en vejrbestandig rygs\u00e6k til arbejde og hverdagseventyr. Rygs\u00e6kken har et rummeligt hovedrum og hurtig adgang til din b\u00e6rbare computer, via lynl\u00e5sen. Behagelig at have p\u00e5 takket v\u00e6re de kurvede, \u00e5ndbare skulderstropper, polstret bagpanel og fuldt justerbar bryststrop. En top lynl\u00e5s lommer med plads til dine daglige [&hellip;]<\/p>\n","protected":false},"featured_media":2744,"comment_status":"open","ping_status":"closed","template":"","meta":[],"product_brand":[182],"product_cat":[185],"product_tag":[18,184],"class_list":{"0":"post-2328","1":"product","2":"type-product","3":"status-publish","4":"has-post-thumbnail","6":"product_brand-swiss-peak","7":"product_cat-laptop-rygsaek","8":"product_tag-comerch","9":"product_tag-laptop-rygsaek","11":"first","12":"instock","13":"shipping-taxable","14":"purchasable","15":"product-type-variable"},"_links":{"self":[{"href":"https:\/\/comerch.dk\/da\/wp-json\/wp\/v2\/product\/2328","targetHints":{"allow":["GET"]}}],"collection":[{"href":"https:\/\/comerch.dk\/da\/wp-json\/wp\/v2\/product"}],"about":[{"href":"https:\/\/comerch.dk\/da\/wp-json\/wp\/v2\/types\/product"}],"replies":[{"embeddable":true,"href":"https:\/\/comerch.dk\/da\/wp-json\/wp\/v2\/comments?post=2328"}],"wp:featuredmedia":[{"embeddable":true,"href":"https:\/\/comerch.dk\/da\/wp-json\/wp\/v2\/media\/2744"}],"wp:attachment":[{"href":"https:\/\/comerch.dk\/da\/wp-json\/wp\/v2\/media?parent=2328"}],"wp:term":[{"taxonomy":"product_brand","embeddable":true,"href":"https:\/\/comerch.dk\/da\/wp-json\/wp\/v2\/product_brand?post=2328"},{"taxonomy":"product_cat","embeddable":true,"href":"https:\/\/comerch.dk\/da\/wp-json\/wp\/v2\/product_cat?post=2328"},{"taxonomy":"product_tag","embeddable":true,"href":"https:\/\/comerch.dk\/da\/wp-json\/wp\/v2\/product_tag?post=2328"}],"curies":[{"name":"wp","href":"https:\/\/api.w.org\/{rel}","templated":true}]}}