{"id":2245,"date":"2025-02-24T14:19:11","date_gmt":"2025-02-24T14:19:11","guid":{"rendered":"https:\/\/comerch.dk\/product\/92766\/"},"modified":"2025-02-24T14:19:13","modified_gmt":"2025-02-24T14:19:13","slug":"92766","status":"publish","type":"product","link":"https:\/\/comerch.dk\/da\/product\/92766\/","title":{"rendered":"Messev\u00e6g &#8211; GoGoZip 40"},"content":{"rendered":"<p>Hurtig ops\u00e6tning uden brug af v\u00e6rkt\u00f8j.\u00a0<br \/>Nem transport, kan v\u00e6re i et bagagerum.\u00a0<br \/>Dobbeltsidet faconsyet print p\u00e5 190 gr. stretchstof B1 \u00f8kotex 100.\u00a0<br \/>Stoffet kan vaskes ved 30 gr. uden at kr\u00f8lle.\u00a0<br \/>Leveres i praktisk b\u00e6retaske.\u00a0<\/p>\n<p>Grafisk info:\u00a0<br \/>PDF filen klarg\u00f8res efter skabelon.\u00a0<br \/>Alt tekst skal outlines.<\/p>","protected":false},"excerpt":{"rendered":"<p>Hurtig ops\u00e6tning uden brug af v\u00e6rkt\u00f8j.\u00a0Nem transport, kan v\u00e6re i et bagagerum.\u00a0Dobbeltsidet faconsyet print p\u00e5 190 gr. stretchstof B1 \u00f8kotex 100.\u00a0Stoffet kan vaskes ved 30 gr. uden at kr\u00f8lle.\u00a0Leveres i praktisk b\u00e6retaske.\u00a0 Grafisk info:\u00a0PDF filen klarg\u00f8res efter skabelon.\u00a0Alt tekst skal outlines.<\/p>","protected":false},"featured_media":2675,"comment_status":"open","ping_status":"closed","template":"","meta":[],"product_brand":[244],"product_cat":[243],"product_tag":[18,215,216,241],"class_list":{"0":"post-2245","1":"product","2":"type-product","3":"status-publish","4":"has-post-thumbnail","6":"product_brand-gogozip","7":"product_cat-messevaeg","8":"product_tag-comerch","9":"product_tag-messe","10":"product_tag-messeudstyr","11":"product_tag-messevaeg","13":"first","14":"instock","15":"shipping-taxable","16":"purchasable","17":"product-type-variable"},"_links":{"self":[{"href":"https:\/\/comerch.dk\/da\/wp-json\/wp\/v2\/product\/2245","targetHints":{"allow":["GET"]}}],"collection":[{"href":"https:\/\/comerch.dk\/da\/wp-json\/wp\/v2\/product"}],"about":[{"href":"https:\/\/comerch.dk\/da\/wp-json\/wp\/v2\/types\/product"}],"replies":[{"embeddable":true,"href":"https:\/\/comerch.dk\/da\/wp-json\/wp\/v2\/comments?post=2245"}],"wp:featuredmedia":[{"embeddable":true,"href":"https:\/\/comerch.dk\/da\/wp-json\/wp\/v2\/media\/2675"}],"wp:attachment":[{"href":"https:\/\/comerch.dk\/da\/wp-json\/wp\/v2\/media?parent=2245"}],"wp:term":[{"taxonomy":"product_brand","embeddable":true,"href":"https:\/\/comerch.dk\/da\/wp-json\/wp\/v2\/product_brand?post=2245"},{"taxonomy":"product_cat","embeddable":true,"href":"https:\/\/comerch.dk\/da\/wp-json\/wp\/v2\/product_cat?post=2245"},{"taxonomy":"product_tag","embeddable":true,"href":"https:\/\/comerch.dk\/da\/wp-json\/wp\/v2\/product_tag?post=2245"}],"curies":[{"name":"wp","href":"https:\/\/api.w.org\/{rel}","templated":true}]}}