{"id":2169,"date":"2025-02-24T14:18:49","date_gmt":"2025-02-24T14:18:49","guid":{"rendered":"https:\/\/comerch.dk\/product\/100466\/"},"modified":"2025-02-24T14:18:53","modified_gmt":"2025-02-24T14:18:53","slug":"100466","status":"publish","type":"product","link":"https:\/\/comerch.dk\/da\/product\/100466\/","title":{"rendered":"Hearth keramik krus med tr\u00e6 l\u00e5g"},"content":{"rendered":"<p>Det hyggelige keramikkrus Heart 400 ml med en mat finish og tr\u00e6underlag er en trendy ledsager til en varm drik p\u00e5 kolde vinterdage. Det runde design skiller sig ud overalt, ligesom farveaccenten p\u00e5 indersiden. Keramikmaterialet er varmebestandigt, og underglasset kan ogs\u00e5 bruges som l\u00e5g. Hearth kruset (inkl. tryk) t\u00e5ler opvaskemaskine i henhold til EN12875-1 i mindst 125 vaskes.<\/p>","protected":false},"excerpt":{"rendered":"<p>Det hyggelige keramikkrus Heart 400 ml med en mat finish og tr\u00e6underlag er en trendy ledsager til en varm drik p\u00e5 kolde vinterdage. Det runde design skiller sig ud overalt, ligesom farveaccenten p\u00e5 indersiden. Keramikmaterialet er varmebestandigt, og underglasset kan ogs\u00e5 bruges som l\u00e5g. Hearth kruset (inkl. tryk) t\u00e5ler opvaskemaskine i henhold til EN12875-1 i [&hellip;]<\/p>\n","protected":false},"featured_media":2612,"comment_status":"open","ping_status":"closed","template":"","meta":[],"product_brand":[227],"product_cat":[125],"product_tag":[18,45,20],"class_list":{"0":"post-2169","1":"product","2":"type-product","3":"status-publish","4":"has-post-thumbnail","6":"product_brand-hearth","7":"product_cat-krus","8":"product_tag-comerch","9":"product_tag-krus","10":"product_tag-merchandise","12":"first","13":"instock","14":"shipping-taxable","15":"purchasable","16":"product-type-variable"},"_links":{"self":[{"href":"https:\/\/comerch.dk\/da\/wp-json\/wp\/v2\/product\/2169","targetHints":{"allow":["GET"]}}],"collection":[{"href":"https:\/\/comerch.dk\/da\/wp-json\/wp\/v2\/product"}],"about":[{"href":"https:\/\/comerch.dk\/da\/wp-json\/wp\/v2\/types\/product"}],"replies":[{"embeddable":true,"href":"https:\/\/comerch.dk\/da\/wp-json\/wp\/v2\/comments?post=2169"}],"wp:featuredmedia":[{"embeddable":true,"href":"https:\/\/comerch.dk\/da\/wp-json\/wp\/v2\/media\/2612"}],"wp:attachment":[{"href":"https:\/\/comerch.dk\/da\/wp-json\/wp\/v2\/media?parent=2169"}],"wp:term":[{"taxonomy":"product_brand","embeddable":true,"href":"https:\/\/comerch.dk\/da\/wp-json\/wp\/v2\/product_brand?post=2169"},{"taxonomy":"product_cat","embeddable":true,"href":"https:\/\/comerch.dk\/da\/wp-json\/wp\/v2\/product_cat?post=2169"},{"taxonomy":"product_tag","embeddable":true,"href":"https:\/\/comerch.dk\/da\/wp-json\/wp\/v2\/product_tag?post=2169"}],"curies":[{"name":"wp","href":"https:\/\/api.w.org\/{rel}","templated":true}]}}