{"id":2155,"date":"2025-02-24T14:18:45","date_gmt":"2025-02-24T14:18:45","guid":{"rendered":"https:\/\/comerch.dk\/product\/6383\/"},"modified":"2025-02-24T14:18:48","modified_gmt":"2025-02-24T14:18:48","slug":"6383","status":"publish","type":"product","link":"https:\/\/comerch.dk\/da\/product\/6383\/","title":{"rendered":"Halfar 1813347 Impulse Roller"},"content":{"rendered":"<p>L\u00e6kker rejsetaske p\u00e5 hjul og med teleskopstang. Stort hovedrum med lynl\u00e5s og frontlomme med lynl\u00e5s.<\/p>\n<p>Lette hjul og polstrede h\u00e5ndtag. Har skulderrem med skulderpude og er justerbar.<\/p>\n<p>M\u00e5ler 32 x 66 x 35 cm<\/p>","protected":false},"excerpt":{"rendered":"<p>L\u00e6kker rejsetaske p\u00e5 hjul og med teleskopstang. Stort hovedrum med lynl\u00e5s og frontlomme med lynl\u00e5s. Lette hjul og polstrede h\u00e5ndtag. Har skulderrem med skulderpude og er justerbar. M\u00e5ler 32 x 66 x 35 cm<\/p>","protected":false},"featured_media":2585,"comment_status":"open","ping_status":"closed","template":"","meta":[],"product_brand":[222],"product_cat":[223],"product_tag":[18,61,220,221],"class_list":{"0":"post-2155","1":"product","2":"type-product","3":"status-publish","4":"has-post-thumbnail","6":"product_brand-halfar","7":"product_cat-weekendtasker","8":"product_tag-comerch","9":"product_tag-profiltoj","10":"product_tag-taske","11":"product_tag-weekendtaske","13":"first","14":"instock","15":"shipping-taxable","16":"purchasable","17":"product-type-variable"},"_links":{"self":[{"href":"https:\/\/comerch.dk\/da\/wp-json\/wp\/v2\/product\/2155","targetHints":{"allow":["GET"]}}],"collection":[{"href":"https:\/\/comerch.dk\/da\/wp-json\/wp\/v2\/product"}],"about":[{"href":"https:\/\/comerch.dk\/da\/wp-json\/wp\/v2\/types\/product"}],"replies":[{"embeddable":true,"href":"https:\/\/comerch.dk\/da\/wp-json\/wp\/v2\/comments?post=2155"}],"wp:featuredmedia":[{"embeddable":true,"href":"https:\/\/comerch.dk\/da\/wp-json\/wp\/v2\/media\/2585"}],"wp:attachment":[{"href":"https:\/\/comerch.dk\/da\/wp-json\/wp\/v2\/media?parent=2155"}],"wp:term":[{"taxonomy":"product_brand","embeddable":true,"href":"https:\/\/comerch.dk\/da\/wp-json\/wp\/v2\/product_brand?post=2155"},{"taxonomy":"product_cat","embeddable":true,"href":"https:\/\/comerch.dk\/da\/wp-json\/wp\/v2\/product_cat?post=2155"},{"taxonomy":"product_tag","embeddable":true,"href":"https:\/\/comerch.dk\/da\/wp-json\/wp\/v2\/product_tag?post=2155"}],"curies":[{"name":"wp","href":"https:\/\/api.w.org\/{rel}","templated":true}]}}