{"id":2083,"date":"2025-02-24T14:18:16","date_gmt":"2025-02-24T14:18:16","guid":{"rendered":"https:\/\/comerch.dk\/product\/p850-65\/"},"modified":"2025-02-24T14:18:17","modified_gmt":"2025-02-24T14:18:17","slug":"p850-65","status":"publish","type":"product","link":"https:\/\/comerch.dk\/da\/product\/p850-65\/","title":{"rendered":"23&#8242; Impact AWARE\u2122 RPET 190T auto \u00e5ben, bambus paraply"},"content":{"rendered":"<p>Ingen greenwashing, men fort\u00e6ller en sand historie om b\u00e6redygtighed! Denne Impact paraply er lavet med 190T RPET pongee med AWARE\u2122 tracer. Med AWARE\u2122 er brugen af \u00e6gte genanvendte stofmaterialer og vandreduktionsp\u00e5virkningskrav garanteret ved hj\u00e6lp af AWARE disruptive fysiske sporstof- og blockchain-teknologi. Spar p\u00e5 vandet og brug \u00e6gte genbrugsstoffer. Med fokus p\u00e5 vand vil 2% af provenuet af hvert solgt Impact-produkt blive doneret til Water.org. N\u00e5r regn og kraftig vind n\u00e6rmer sig, giver denne 23&#8221; paraply, automatisk \u00e5bning, dig mulighed for at forblive t\u00f8r og komfortabel. Metalramme, glasfiberribber og PP-h\u00e5ndtag. Paraply sk\u00e6rmen er lavet af 8,2 stk. PET flasker (500ml). Vandbesparelser er baseret p\u00e5 tal sammenlignet med konventionel fiber. Denne beregnede indikation er baseret p\u00e5 p\u00e5lidelige LCA-data som offentliggjort af Textile Exchange i deres Material Snapshots 2016.&#8217;<\/p>","protected":false},"excerpt":{"rendered":"<p>Ingen greenwashing, men fort\u00e6ller en sand historie om b\u00e6redygtighed! Denne Impact paraply er lavet med 190T RPET pongee med AWARE\u2122 tracer. Med AWARE\u2122 er brugen af \u00e6gte genanvendte stofmaterialer og vandreduktionsp\u00e5virkningskrav garanteret ved hj\u00e6lp af AWARE disruptive fysiske sporstof- og blockchain-teknologi. Spar p\u00e5 vandet og brug \u00e6gte genbrugsstoffer. Med fokus p\u00e5 vand vil 2% af [&hellip;]<\/p>\n","protected":false},"featured_media":2461,"comment_status":"open","ping_status":"closed","template":"","meta":[],"product_brand":[175],"product_cat":[193],"product_tag":[18,192],"class_list":{"0":"post-2083","1":"product","2":"type-product","3":"status-publish","4":"has-post-thumbnail","6":"product_brand-xd-collection","7":"product_cat-standard-paraplyer--23","8":"product_tag-comerch","9":"product_tag-standard-paraplyer--23","11":"first","12":"instock","13":"shipping-taxable","14":"purchasable","15":"product-type-variable"},"_links":{"self":[{"href":"https:\/\/comerch.dk\/da\/wp-json\/wp\/v2\/product\/2083","targetHints":{"allow":["GET"]}}],"collection":[{"href":"https:\/\/comerch.dk\/da\/wp-json\/wp\/v2\/product"}],"about":[{"href":"https:\/\/comerch.dk\/da\/wp-json\/wp\/v2\/types\/product"}],"replies":[{"embeddable":true,"href":"https:\/\/comerch.dk\/da\/wp-json\/wp\/v2\/comments?post=2083"}],"wp:featuredmedia":[{"embeddable":true,"href":"https:\/\/comerch.dk\/da\/wp-json\/wp\/v2\/media\/2461"}],"wp:attachment":[{"href":"https:\/\/comerch.dk\/da\/wp-json\/wp\/v2\/media?parent=2083"}],"wp:term":[{"taxonomy":"product_brand","embeddable":true,"href":"https:\/\/comerch.dk\/da\/wp-json\/wp\/v2\/product_brand?post=2083"},{"taxonomy":"product_cat","embeddable":true,"href":"https:\/\/comerch.dk\/da\/wp-json\/wp\/v2\/product_cat?post=2083"},{"taxonomy":"product_tag","embeddable":true,"href":"https:\/\/comerch.dk\/da\/wp-json\/wp\/v2\/product_tag?post=2083"}],"curies":[{"name":"wp","href":"https:\/\/api.w.org\/{rel}","templated":true}]}}