{"id":2002,"date":"2025-02-24T14:12:43","date_gmt":"2025-02-24T14:12:43","guid":{"rendered":"https:\/\/comerch.dk\/product\/rbtgs8\/"},"modified":"2025-02-24T14:12:46","modified_gmt":"2025-02-24T14:12:46","slug":"rbtgs8","status":"publish","type":"product","link":"https:\/\/comerch.dk\/da\/product\/rbtgs8\/","title":{"rendered":"Topl genanvendt st\u00e5l To Go Tumbler 235 ml patenteret 360 l\u00e5g"},"content":{"rendered":"<p>M\u00f8d Topl koppen, der passer perfekt til barista st\u00f8rrelse 8 oz (236 ml) til din foretrukne lille bryg. Den er fremstillet af RCS certificerede genanvendte materialer og er vakuumisoleret, s\u00e5 den holder drikkevarer ved den perfekte temperatur. Det patenterede 360\u00b0-design og det gennemsigtige l\u00e5g er praktisk og stilfuldt til dine daglige eventyr, uanset om du g\u00e5r en tur i parken eller pendler til arbejde.<\/p>","protected":false},"excerpt":{"rendered":"<p>M\u00f8d Topl koppen, der passer perfekt til barista st\u00f8rrelse 8 oz (236 ml) til din foretrukne lille bryg. Den er fremstillet af RCS certificerede genanvendte materialer og er vakuumisoleret, s\u00e5 den holder drikkevarer ved den perfekte temperatur. Det patenterede 360\u00b0-design og det gennemsigtige l\u00e5g er praktisk og stilfuldt til dine daglige eventyr, uanset om du [&hellip;]<\/p>\n","protected":false},"featured_media":2055,"comment_status":"open","ping_status":"closed","template":"","meta":[],"product_brand":[186],"product_cat":[168],"product_tag":[18,47,20],"class_list":{"0":"post-2002","1":"product","2":"type-product","3":"status-publish","4":"has-post-thumbnail","6":"product_brand-topl","7":"product_cat-kaffekrus-tumblere","8":"product_tag-comerch","9":"product_tag-kaffekrus-tumblere","10":"product_tag-merchandise","12":"first","13":"instock","14":"shipping-taxable","15":"purchasable","16":"product-type-variable"},"_links":{"self":[{"href":"https:\/\/comerch.dk\/da\/wp-json\/wp\/v2\/product\/2002","targetHints":{"allow":["GET"]}}],"collection":[{"href":"https:\/\/comerch.dk\/da\/wp-json\/wp\/v2\/product"}],"about":[{"href":"https:\/\/comerch.dk\/da\/wp-json\/wp\/v2\/types\/product"}],"replies":[{"embeddable":true,"href":"https:\/\/comerch.dk\/da\/wp-json\/wp\/v2\/comments?post=2002"}],"wp:featuredmedia":[{"embeddable":true,"href":"https:\/\/comerch.dk\/da\/wp-json\/wp\/v2\/media\/2055"}],"wp:attachment":[{"href":"https:\/\/comerch.dk\/da\/wp-json\/wp\/v2\/media?parent=2002"}],"wp:term":[{"taxonomy":"product_brand","embeddable":true,"href":"https:\/\/comerch.dk\/da\/wp-json\/wp\/v2\/product_brand?post=2002"},{"taxonomy":"product_cat","embeddable":true,"href":"https:\/\/comerch.dk\/da\/wp-json\/wp\/v2\/product_cat?post=2002"},{"taxonomy":"product_tag","embeddable":true,"href":"https:\/\/comerch.dk\/da\/wp-json\/wp\/v2\/product_tag?post=2002"}],"curies":[{"name":"wp","href":"https:\/\/api.w.org\/{rel}","templated":true}]}}