{"id":1962,"date":"2025-02-24T14:12:32","date_gmt":"2025-02-24T14:12:32","guid":{"rendered":"https:\/\/comerch.dk\/product\/p514-51\/"},"modified":"2025-02-24T14:12:33","modified_gmt":"2025-02-24T14:12:33","slug":"p514-51","status":"publish","type":"product","link":"https:\/\/comerch.dk\/da\/product\/p514-51\/","title":{"rendered":"Gear X mini multi tool"},"content":{"rendered":"<p>Multiv\u00e6rkt\u00f8j i lommest\u00f8rrelse fremstillet af st\u00e6rkt 420 rustfrit st\u00e5l. Med flere funktioner, der omfatter: Spidstang, standardtang, tr\u00e5dsk\u00e6rer, kniv, oplukker, flad skruetr\u00e6kker, Philips-skruetr\u00e6kker, fil, filrenser og karabinhage. Pakket i FSC\u00ae-mix-emballage<\/p>","protected":false},"excerpt":{"rendered":"<p>Multiv\u00e6rkt\u00f8j i lommest\u00f8rrelse fremstillet af st\u00e6rkt 420 rustfrit st\u00e5l. Med flere funktioner, der omfatter: Spidstang, standardtang, tr\u00e5dsk\u00e6rer, kniv, oplukker, flad skruetr\u00e6kker, Philips-skruetr\u00e6kker, fil, filrenser og karabinhage. Pakket i FSC\u00ae-mix-emballage<\/p>","protected":false},"featured_media":2049,"comment_status":"open","ping_status":"closed","template":"","meta":[],"product_brand":[177],"product_cat":[178],"product_tag":[18,20,176],"class_list":{"0":"post-1962","1":"product","2":"type-product","3":"status-publish","4":"has-post-thumbnail","6":"product_brand-gearx","7":"product_cat-multivaerktoj","8":"product_tag-comerch","9":"product_tag-merchandise","10":"product_tag-multivaerktoj","12":"first","13":"instock","14":"shipping-taxable","15":"purchasable","16":"product-type-variable"},"_links":{"self":[{"href":"https:\/\/comerch.dk\/da\/wp-json\/wp\/v2\/product\/1962","targetHints":{"allow":["GET"]}}],"collection":[{"href":"https:\/\/comerch.dk\/da\/wp-json\/wp\/v2\/product"}],"about":[{"href":"https:\/\/comerch.dk\/da\/wp-json\/wp\/v2\/types\/product"}],"replies":[{"embeddable":true,"href":"https:\/\/comerch.dk\/da\/wp-json\/wp\/v2\/comments?post=1962"}],"wp:featuredmedia":[{"embeddable":true,"href":"https:\/\/comerch.dk\/da\/wp-json\/wp\/v2\/media\/2049"}],"wp:attachment":[{"href":"https:\/\/comerch.dk\/da\/wp-json\/wp\/v2\/media?parent=1962"}],"wp:term":[{"taxonomy":"product_brand","embeddable":true,"href":"https:\/\/comerch.dk\/da\/wp-json\/wp\/v2\/product_brand?post=1962"},{"taxonomy":"product_cat","embeddable":true,"href":"https:\/\/comerch.dk\/da\/wp-json\/wp\/v2\/product_cat?post=1962"},{"taxonomy":"product_tag","embeddable":true,"href":"https:\/\/comerch.dk\/da\/wp-json\/wp\/v2\/product_tag?post=1962"}],"curies":[{"name":"wp","href":"https:\/\/api.w.org\/{rel}","templated":true}]}}