{"id":1819,"date":"2025-02-17T14:47:31","date_gmt":"2025-02-17T14:47:31","guid":{"rendered":"https:\/\/comerch.dk\/product\/torr-l\/"},"modified":"2025-02-17T15:31:28","modified_gmt":"2025-02-17T15:31:28","slug":"torr-l","status":"publish","type":"product","link":"https:\/\/comerch.dk\/da\/product\/torr-l\/","title":{"rendered":"Torrance Women"},"content":{"rendered":"<p>Torrance er vores bud p\u00e5 den klassiske denimskjorte &#8211; lidt mindre r\u00e5 og tilf\u00f8rt mere elegance og stil, blandt andet med nedtonede sortbl\u00e5 knapper, button-down p\u00e5 herreversionen og et feminint snit p\u00e5 damemodellen.<\/p>\n<p>Torrance kommer i en dyb, flot indigo bl\u00e5, har en smule stretch, og til herrer findes den b\u00e5de i Modern Fit og Slim Fit design.<\/p>\n<p>\u2022 Str\u00e6kbar metervare<br \/>\n\u2022 Feminin pasform<br \/>\n\u2022 Feminin knaplukning<\/p>","protected":false},"excerpt":{"rendered":"<p>Torrance er vores bud p\u00e5 den klassiske denimskjorte &#8211; lidt mindre r\u00e5 og tilf\u00f8rt mere elegance og stil, blandt andet med nedtonede sortbl\u00e5 knapper, button-down p\u00e5 herreversionen og et feminint snit p\u00e5 damemodellen. Torrance kommer i en dyb, flot indigo bl\u00e5, har en smule stretch, og til herrer findes den b\u00e5de i Modern Fit og [&hellip;]<\/p>\n","protected":false},"featured_media":1912,"comment_status":"open","ping_status":"closed","template":"","meta":[],"product_brand":[145],"product_cat":[154],"product_tag":[18,153],"class_list":{"0":"post-1819","1":"product","2":"type-product","3":"status-publish","4":"has-post-thumbnail","6":"product_brand-nimbus","7":"product_cat-shirts-overshirts","8":"product_tag-comerch","9":"product_tag-shirts-overshirts","11":"first","12":"instock","13":"shipping-taxable","14":"purchasable","15":"product-type-variable"},"_links":{"self":[{"href":"https:\/\/comerch.dk\/da\/wp-json\/wp\/v2\/product\/1819","targetHints":{"allow":["GET"]}}],"collection":[{"href":"https:\/\/comerch.dk\/da\/wp-json\/wp\/v2\/product"}],"about":[{"href":"https:\/\/comerch.dk\/da\/wp-json\/wp\/v2\/types\/product"}],"replies":[{"embeddable":true,"href":"https:\/\/comerch.dk\/da\/wp-json\/wp\/v2\/comments?post=1819"}],"wp:featuredmedia":[{"embeddable":true,"href":"https:\/\/comerch.dk\/da\/wp-json\/wp\/v2\/media\/1912"}],"wp:attachment":[{"href":"https:\/\/comerch.dk\/da\/wp-json\/wp\/v2\/media?parent=1819"}],"wp:term":[{"taxonomy":"product_brand","embeddable":true,"href":"https:\/\/comerch.dk\/da\/wp-json\/wp\/v2\/product_brand?post=1819"},{"taxonomy":"product_cat","embeddable":true,"href":"https:\/\/comerch.dk\/da\/wp-json\/wp\/v2\/product_cat?post=1819"},{"taxonomy":"product_tag","embeddable":true,"href":"https:\/\/comerch.dk\/da\/wp-json\/wp\/v2\/product_tag?post=1819"}],"curies":[{"name":"wp","href":"https:\/\/api.w.org\/{rel}","templated":true}]}}