{"id":1611,"date":"2025-02-10T14:41:43","date_gmt":"2025-02-10T14:41:43","guid":{"rendered":"https:\/\/comerch.dk\/product\/10083290\/"},"modified":"2025-02-17T15:12:43","modified_gmt":"2025-02-17T15:12:43","slug":"10083290","status":"publish","type":"product","link":"https:\/\/comerch.dk\/da\/product\/10083290\/","title":{"rendered":"Stanley Classic 350 ml campingkrus"},"content":{"rendered":"<p><meta charset=\"utf-8\"><span>Dette Stanley Classic campingkrus p\u00e5 350 ml har dobbeltv\u00e6gget vakuumisolering, der holder drikkevarer varme i halvanden time eller kolde i tre timer. Det sikre, trykfaste Tritan\u2122-l\u00e5g forhindrer st\u00e6nk, s\u00e5 du nemt kan nyde din drik i k\u00f8kkenet, p\u00e5 kontoret, eller n\u00e5r du slapper af ved lejrb\u00e5let. T\u00e5ler opvaskemaskine. Passer til de fleste kaffebryggere\/kaffemaskiner. 90% Rustfrit st\u00e5l, 10% Tritan.<\/span><\/p>","protected":false},"excerpt":{"rendered":"<p>Dette Stanley Classic campingkrus p\u00e5 350 ml har dobbeltv\u00e6gget vakuumisolering, der holder drikkevarer varme i halvanden time eller kolde i tre timer. Det sikre, trykfaste Tritan\u2122-l\u00e5g forhindrer st\u00e6nk, s\u00e5 du nemt kan nyde din drik i k\u00f8kkenet, p\u00e5 kontoret, eller n\u00e5r du slapper af ved lejrb\u00e5let. T\u00e5ler opvaskemaskine. Passer til de fleste kaffebryggere\/kaffemaskiner. 90% Rustfrit [&hellip;]<\/p>\n","protected":false},"featured_media":1613,"comment_status":"open","ping_status":"closed","template":"","meta":[],"product_brand":[118],"product_cat":[125],"product_tag":[18,47,20],"class_list":{"0":"post-1611","1":"product","2":"type-product","3":"status-publish","4":"has-post-thumbnail","6":"product_brand-stanley","7":"product_cat-krus","8":"product_tag-comerch","9":"product_tag-kaffekrus-tumblere","10":"product_tag-merchandise","12":"first","13":"instock","14":"shipping-taxable","15":"purchasable","16":"product-type-variable"},"_links":{"self":[{"href":"https:\/\/comerch.dk\/da\/wp-json\/wp\/v2\/product\/1611","targetHints":{"allow":["GET"]}}],"collection":[{"href":"https:\/\/comerch.dk\/da\/wp-json\/wp\/v2\/product"}],"about":[{"href":"https:\/\/comerch.dk\/da\/wp-json\/wp\/v2\/types\/product"}],"replies":[{"embeddable":true,"href":"https:\/\/comerch.dk\/da\/wp-json\/wp\/v2\/comments?post=1611"}],"wp:featuredmedia":[{"embeddable":true,"href":"https:\/\/comerch.dk\/da\/wp-json\/wp\/v2\/media\/1613"}],"wp:attachment":[{"href":"https:\/\/comerch.dk\/da\/wp-json\/wp\/v2\/media?parent=1611"}],"wp:term":[{"taxonomy":"product_brand","embeddable":true,"href":"https:\/\/comerch.dk\/da\/wp-json\/wp\/v2\/product_brand?post=1611"},{"taxonomy":"product_cat","embeddable":true,"href":"https:\/\/comerch.dk\/da\/wp-json\/wp\/v2\/product_cat?post=1611"},{"taxonomy":"product_tag","embeddable":true,"href":"https:\/\/comerch.dk\/da\/wp-json\/wp\/v2\/product_tag?post=1611"}],"curies":[{"name":"wp","href":"https:\/\/api.w.org\/{rel}","templated":true}]}}